{"id":77,"date":"2022-10-18T18:12:07","date_gmt":"2022-10-18T16:12:07","guid":{"rendered":"http:\/\/formationgrue.fr\/?page_id=77"},"modified":"2022-10-18T18:12:07","modified_gmt":"2022-10-18T16:12:07","slug":"mentions-legales","status":"publish","type":"page","link":"https:\/\/formationgrue.fr\/?page_id=77","title":{"rendered":"Mentions L\u00e9gales"},"content":{"rendered":"\n<p>Conform\u00e9ment aux dispositions des articles 6-III et 19 de la Loi n\u00b0 2004-575 du 21 juin 2004 pour la Confiance dans l\u2019\u00e9conomie num\u00e9rique, dite L.C.E.N., nous portons \u00e0 la connaissance des utilisateurs et visiteurs du site : https:\/\/www.formationgrue.fr les informations suivantes :<\/p>\n\n\n\n<p>Informations l\u00e9gales :<br>SARL Centre Nationale de Formation en S\u00e9curit\u00e9 et Environnement<br>231 rue St Honor\u00e9 75001 PARIS<br>T\u00e9l : 01.84.16.38.25<br>Au Capital de : 8000 \u20ac<br>SIRET : 48237930200029<\/p>\n\n\n\n<p>Enregistrement aupr\u00e8s de la Direction r\u00e9gionale des entreprises de la concurrence, de la consommation, du travail et de l\u2019emploi (DIRECCTE) de la Pr\u00e9fecture d\u2019IdF : 11 75 51614 75<\/p>\n\n\n\n<p>Adresse de courrier \u00e9lectronique : contact@cnfse.fr<\/p>\n\n\n\n<p>Le site formationgrue.fr est h\u00e9berg\u00e9 par :<br>OVH (2 rue Kellermann \u2013 59100 Roubaix \u2013 France.)<br>SAS au capital de 10 000 000 \u20ac<br>RCS Roubaix \u2013 Tourcoing 424 761 419 00045<\/p>\n\n\n\n<p>Le responsable de la publication est une personne morale : CNFSE<\/p>\n\n\n\n<p>Description des services fournis :<br>Le site www.formationgrue.fr a pour objet de fournir une information concernant l\u2019ensemble des activit\u00e9s de la soci\u00e9t\u00e9.<\/p>\n\n\n\n<p>Le propri\u00e9taire du site s\u2019efforce de fournir sur le site https:\/\/www.formationgrue.fr \u00bb<\/p>\n\n\n\n<p>www.formationgrue.fr des informations aussi pr\u00e9cises que possible. Toutefois, il ne pourra \u00eatre tenue responsable des omissions, des inexactitudes et des carences dans la mise \u00e0 jour, qu\u2019elles soient de son fait ou du fait des tiers partenaires qui lui fournissent ces informations.<\/p>\n\n\n\n<p>Toutes les informations propos\u00e9es sur le site www.formationgrue.fr sont donn\u00e9es \u00e0 titre indicatif, sont non exhaustives, et sont susceptibles d\u2019\u00e9voluer. Elles sont donn\u00e9es sous r\u00e9serve de modifications ayant \u00e9t\u00e9 apport\u00e9es depuis leur mise en ligne.<\/p>\n\n\n\n<p>Propri\u00e9t\u00e9 intellectuelle et contrefa\u00e7ons :<br>Le propri\u00e9taire du site est propri\u00e9taire des droits de propri\u00e9t\u00e9 intellectuelle ou d\u00e9tient les droits d\u2019usage sur tous les \u00e9l\u00e9ments accessibles sur le site, notamment les textes, images, graphismes, logo, ic\u00f4nes, sons, logiciels\u2026<\/p>\n\n\n\n<p>Toute reproduction, repr\u00e9sentation, modification, publication, adaptation totale ou partielle des \u00e9l\u00e9ments du site, quel que soit le moyen ou le proc\u00e9d\u00e9 utilis\u00e9, est interdite, sauf autorisation \u00e9crite pr\u00e9alable \u00e0 l\u2019email contact@cnfse.fr partir des mentions l\u00e9gales via le site www.formationgrue.fr<\/p>\n\n\n\n<p>Toute exploitation non autoris\u00e9e du site ou de l\u2019un quelconque de ces \u00e9l\u00e9ments qu\u2019il contient sera consid\u00e9r\u00e9e comme constitutive d\u2019une contrefa\u00e7on et poursuivie conform\u00e9ment aux dispositions des articles L.335-2 et suivants du Code de Propri\u00e9t\u00e9 Intellectuelle.<\/p>\n\n\n\n<p>Liens hypertextes et cookies :<br>Le site www.formationgrue.fr contient un certain nombre de liens hypertextes vers d\u2019autres sites (partenaires, informations \u2026) mis en place avec l\u2019autorisation du propri\u00e9taire du site. Cependant, le propri\u00e9taire du site n\u2019a pas la possibilit\u00e9 de v\u00e9rifier le contenu des sites ainsi visit\u00e9s et d\u00e9cline donc toute responsabilit\u00e9 de ce fait quant aux risques \u00e9ventuels de contenus illicites.<\/p>\n\n\n\n<p>L\u2019utilisateur est inform\u00e9 que lors de ses visites sur le site www.formationgrue.fr, un ou des cookies sont susceptible de s\u2019installer automatiquement sur son ordinateur. Un cookie est un fichier de petite taille, qui ne permet pas l\u2019identification de l\u2019utilisateur, mais qui enregistre des informations relatives \u00e0 la navigation d\u2019un ordinateur sur un site. Les donn\u00e9es ainsi obtenues visent \u00e0 faciliter la navigation ult\u00e9rieure sur le site, et ont \u00e9galement vocation \u00e0 permettre diverses mesures de fr\u00e9quentation.<\/p>\n\n\n\n<p>Le param\u00e9trage du logiciel de navigation permet d\u2019informer de la pr\u00e9sence de cookie et \u00e9ventuellement, de refuser de la mani\u00e8re d\u00e9crite \u00e0 l\u2019adresse suivante : www.cnil.fr<\/p>\n\n\n\n<p>Le refus d\u2019installation d\u2019un cookie peut entra\u00eener l\u2019impossibilit\u00e9 d\u2019acc\u00e9der \u00e0 certains services. L\u2019utilisateur peut toutefois configurer son ordinateur de la mani\u00e8re suivante, pour refuser l\u2019installation des cookies .<\/p>\n\n\n\n<p>Sous Internet Explorer : onglet outil \/ options internet. Cliquez sur Confidentialit\u00e9 et choisissez Bloquer tous les cookies. Validez sur Ok.<\/p>\n\n\n\n<p>Sous Netscape : onglet \u00e9dition \/ pr\u00e9f\u00e9rences. Cliquez sur Avanc\u00e9es et choisissez D\u00e9sactiver les cookies. Validez sur Ok.<\/p>\n\n\n\n<p>Protection des biens et des personnes &#8211; gestion des donn\u00e9es personnelles :<br>Utilisateur : Internaute se connectant, utilisant le site susnomm\u00e9 : www.formationgrue.fr<\/p>\n\n\n\n<p>En France, les donn\u00e9es personnelles sont notamment prot\u00e9g\u00e9es par la loi n\u00b0 78-87 du 6 janvier 1978, la loi n\u00b0 2004-801 du 6 ao\u00fbt 2004, l\u2019article L. 226-13 du Code p\u00e9nal et la Directive Europ\u00e9enne du 24 octobre 1995.<\/p>\n\n\n\n<p>Sur le site www.formationgrue.fr, le propri\u00e9taire du site ne collecte des informations personnelles relatives \u00e0 l\u2019utilisateur que pour le besoin de certains services propos\u00e9s par le site www.formationgrue.fr. L\u2019utilisateur fournit ces informations en toute connaissance de cause, notamment lorsqu\u2019il proc\u00e8de par lui-m\u00eame \u00e0 leur saisie. Il est alors pr\u00e9cis\u00e9 \u00e0 l\u2019utilisateur du site www.formationgrue.fr l\u2019obligation ou non de fournir ces informations.<\/p>\n\n\n\n<p>Conform\u00e9ment aux dispositions des articles 38 et suivants de la loi 78-17 du 6 janvier 1978 relative \u00e0 l\u2019informatique, aux fichiers et aux libert\u00e9s, tout utilisateur dispose d\u2019un droit d\u2019acc\u00e8s, de rectification, de suppression et d\u2019opposition aux donn\u00e9es personnelles le concernant. Pour l\u2019exercer, adressez votre demande \u00e0 www.formationgrue.fr par email : souissi@cnfse.fr ou en effectuant sa demande \u00e9crite et sign\u00e9e, accompagn\u00e9e d\u2019une copie du titre d\u2019identit\u00e9 avec signature du titulaire de la pi\u00e8ce, en pr\u00e9cisant l\u2019adresse \u00e0 laquelle la r\u00e9ponse doit \u00eatre envoy\u00e9e.<\/p>\n\n\n\n<p>Aucune information personnelle de l\u2019utilisateur du site www.formationgrue.fr n\u2019est publi\u00e9e \u00e0 l\u2019insu de l\u2019utilisateur, \u00e9chang\u00e9e, transf\u00e9r\u00e9e, c\u00e9d\u00e9e ou vendue sur un support quelconque \u00e0 des tiers. Seule l\u2019hypoth\u00e8se du rachat du site &lt; www.formationgrue.fr au propri\u00e9taire du site et de ses droits permettrait la transmission des dites informations \u00e0 l\u2019\u00e9ventuel acqu\u00e9reur qui serait \u00e0 son tour tenu de la m\u00eame obligation de conservation et de modification des donn\u00e9es vis \u00e0 vis de l\u2019utilisateur du site www.formationgrue.fr.<\/p>\n\n\n\n<p>Le site www.formationgrue.fr est en conformit\u00e9 avec le RGPD voir notre politique RGPD www.formationgrue.fr<\/p>\n\n\n\n<p>Les bases de donn\u00e9es sont prot\u00e9g\u00e9es par les dispositions de la loi du 1er juillet 1998 transposant la directive 96\/9 du 11 mars 1996 relative \u00e0 la protection juridique des bases de donn\u00e9es.<\/p>\n","protected":false},"excerpt":{"rendered":"<p>Conform\u00e9ment aux dispositions des articles 6-III et 19 de la Loi n\u00b0 2004-575 du 21 juin 2004 pour la Confiance dans l\u2019\u00e9conomie num\u00e9rique, dite L.C.E.N., nous portons \u00e0 la connaissance des utilisateurs et visiteurs du site : https:\/\/www.formationgrue.fr les informations &hellip; <a href=\"https:\/\/formationgrue.fr\/?page_id=77\">Lire la suite\u00ad\u00ad<\/a><\/p>\n","protected":false},"author":1,"featured_media":0,"parent":0,"menu_order":0,"comment_status":"closed","ping_status":"closed","template":"","meta":[],"_links":{"self":[{"href":"https:\/\/formationgrue.fr\/index.php?rest_route=\/wp\/v2\/pages\/77"}],"collection":[{"href":"https:\/\/formationgrue.fr\/index.php?rest_route=\/wp\/v2\/pages"}],"about":[{"href":"https:\/\/formationgrue.fr\/index.php?rest_route=\/wp\/v2\/types\/page"}],"author":[{"embeddable":true,"href":"https:\/\/formationgrue.fr\/index.php?rest_route=\/wp\/v2\/users\/1"}],"replies":[{"embeddable":true,"href":"https:\/\/formationgrue.fr\/index.php?rest_route=%2Fwp%2Fv2%2Fcomments&post=77"}],"version-history":[{"count":1,"href":"https:\/\/formationgrue.fr\/index.php?rest_route=\/wp\/v2\/pages\/77\/revisions"}],"predecessor-version":[{"id":78,"href":"https:\/\/formationgrue.fr\/index.php?rest_route=\/wp\/v2\/pages\/77\/revisions\/78"}],"wp:attachment":[{"href":"https:\/\/formationgrue.fr\/index.php?rest_route=%2Fwp%2Fv2%2Fmedia&parent=77"}],"curies":[{"name":"wp","href":"https:\/\/api.w.org\/{rel}","templated":true}]}}