{"id":2,"date":"2020-11-20T19:04:59","date_gmt":"2020-11-20T18:04:59","guid":{"rendered":"http:\/\/formationgrue.fr\/?page_id=2"},"modified":"2022-10-24T16:04:27","modified_gmt":"2022-10-24T14:04:27","slug":"page-d-exemple","status":"publish","type":"page","link":"https:\/\/formationgrue.fr\/","title":{"rendered":"Formation GRUE A TOUR"},"content":{"rendered":"\n<p>CACES\u00ae (Certificat d&rsquo;Aptitude \u00e0 la Conduite en S\u00e9curit\u00e9) R 487 \u2013 Cat\u00e9gorie 1 et 3 (anciennement GME GMA)<br>Le but de cette formation est de ma\u00eetriser les r\u00e8gles de conduite et de s\u00e9curit\u00e9 des grues \u00e0 tour. <\/p>\n\n\n\n<p>L&rsquo;acc\u00e8s \u00e0 cette formation est soumis \u00e0 un test de s\u00e9lection et cette formation permet d&rsquo;acc\u00e9der au m\u00e9tier de Grutier.<\/p>\n\n\n\n<p>Le CACES\u00ae R487 existe pour 3 cat\u00e9gories :<\/p>\n\n\n\n<p>cat\u00e9gorie 1 : Grue \u00e0 tour \u00e0 montage par \u00e9l\u00e9ments et fl\u00e8che distributrice <br>cat\u00e9gorie 2 : Grue \u00e0 tour \u00e0 montage par \u00e9l\u00e9ments et fl\u00e8che relevable <br>cat\u00e9gorie 3 : Grue \u00e0 tour \u00e0 montage automatis\u00e9<\/p>\n\n\n\n<p>A l&rsquo;issue de la formation de la formation de 3 semaines, les candidats passeront le test CACES\u00ae R487, valable 5 ans.<\/p>\n\n\n\n<p>Co\u00fbt de la formation: 4599\u20ac<br>Type: Certification CACES\u00aeR487 (anciennement R377m)<br>Codes formation :<br>FORMACODE: 31708<br>CODE CPF: RS 5116\/ RS 5124<br><\/p>\n","protected":false},"excerpt":{"rendered":"<p>CACES\u00ae (Certificat d&rsquo;Aptitude \u00e0 la Conduite en S\u00e9curit\u00e9) R 487 \u2013 Cat\u00e9gorie 1 et 3 (anciennement GME GMA)Le but de cette formation est de ma\u00eetriser les r\u00e8gles de conduite et de s\u00e9curit\u00e9 des grues \u00e0 tour. L&rsquo;acc\u00e8s \u00e0 cette formation &hellip; <a href=\"https:\/\/formationgrue.fr\/\">Lire la suite\u00ad\u00ad<\/a><\/p>\n","protected":false},"author":1,"featured_media":0,"parent":0,"menu_order":0,"comment_status":"closed","ping_status":"open","template":"","meta":[],"_links":{"self":[{"href":"https:\/\/formationgrue.fr\/index.php?rest_route=\/wp\/v2\/pages\/2"}],"collection":[{"href":"https:\/\/formationgrue.fr\/index.php?rest_route=\/wp\/v2\/pages"}],"about":[{"href":"https:\/\/formationgrue.fr\/index.php?rest_route=\/wp\/v2\/types\/page"}],"author":[{"embeddable":true,"href":"https:\/\/formationgrue.fr\/index.php?rest_route=\/wp\/v2\/users\/1"}],"replies":[{"embeddable":true,"href":"https:\/\/formationgrue.fr\/index.php?rest_route=%2Fwp%2Fv2%2Fcomments&post=2"}],"version-history":[{"count":3,"href":"https:\/\/formationgrue.fr\/index.php?rest_route=\/wp\/v2\/pages\/2\/revisions"}],"predecessor-version":[{"id":85,"href":"https:\/\/formationgrue.fr\/index.php?rest_route=\/wp\/v2\/pages\/2\/revisions\/85"}],"wp:attachment":[{"href":"https:\/\/formationgrue.fr\/index.php?rest_route=%2Fwp%2Fv2%2Fmedia&parent=2"}],"curies":[{"name":"wp","href":"https:\/\/api.w.org\/{rel}","templated":true}]}}